{"id":97,"date":"2022-02-10T12:20:45","date_gmt":"2022-02-10T12:20:45","guid":{"rendered":"https:\/\/nature.info.pl\/?page_id=97"},"modified":"2022-12-25T17:36:39","modified_gmt":"2022-12-25T17:36:39","slug":"wspolpracujemy","status":"publish","type":"page","link":"https:\/\/nature.info.pl\/?page_id=97","title":{"rendered":"Wsp\u00f3\u0142pracujemy"},"content":{"rendered":"\n<p><style>\/*! elementor - v3.5.5 - 03-02-2022 *\/<br \/>\n.elementor-widget-image{text-align:center}.elementor-widget-image a{display:inline-block}.elementor-widget-image a img[src$=\".svg\"]{width:48px}.elementor-widget-image img{vertical-align:middle;display:inline-block}<\/style><\/p>\n\n\n\n<figure class=\"wp-block-image size-large is-resized\"><img loading=\"lazy\" decoding=\"async\" src=\"https:\/\/nature.info.pl\/wp-content\/uploads\/2022\/12\/SRTRLdzWWoz_Unibep-04_08_22-88-1024x362.jpg\" alt=\"\" class=\"wp-image-279\" width=\"1450\" height=\"512\" srcset=\"https:\/\/nature.info.pl\/wp-content\/uploads\/2022\/12\/SRTRLdzWWoz_Unibep-04_08_22-88-1024x362.jpg 1024w, https:\/\/nature.info.pl\/wp-content\/uploads\/2022\/12\/SRTRLdzWWoz_Unibep-04_08_22-88-300x106.jpg 300w, https:\/\/nature.info.pl\/wp-content\/uploads\/2022\/12\/SRTRLdzWWoz_Unibep-04_08_22-88-768x271.jpg 768w, https:\/\/nature.info.pl\/wp-content\/uploads\/2022\/12\/SRTRLdzWWoz_Unibep-04_08_22-88-1536x543.jpg 1536w, https:\/\/nature.info.pl\/wp-content\/uploads\/2022\/12\/SRTRLdzWWoz_Unibep-04_08_22-88.jpg 2000w\" sizes=\"auto, (max-width: 1450px) 100vw, 1450px\" \/><\/figure>\n\n\n\n<div class=\"wp-block-columns is-layout-flex wp-container-core-columns-is-layout-9d6595d7 wp-block-columns-is-layout-flex\">\n<div class=\"wp-block-column is-layout-flow wp-block-column-is-layout-flow\"><\/div>\n\n\n\n<div class=\"wp-block-column is-layout-flow wp-block-column-is-layout-flow\"><\/div>\n<\/div>\n\n\n\n<div class=\"wp-block-columns is-layout-flex wp-container-core-columns-is-layout-9d6595d7 wp-block-columns-is-layout-flex\">\n<div class=\"wp-block-column is-layout-flow wp-block-column-is-layout-flow\">\n<figure class=\"wp-block-image size-full is-resized\"><img loading=\"lazy\" decoding=\"async\" src=\"https:\/\/nature.info.pl\/wp-content\/uploads\/2022\/02\/Budrex-logo-www-1.png\" alt=\"\" class=\"wp-image-231\" width=\"199\" height=\"66\" srcset=\"https:\/\/nature.info.pl\/wp-content\/uploads\/2022\/02\/Budrex-logo-www-1.png 700w, https:\/\/nature.info.pl\/wp-content\/uploads\/2022\/02\/Budrex-logo-www-1-300x100.png 300w\" sizes=\"auto, (max-width: 199px) 100vw, 199px\" \/><\/figure>\n\n\n\n<p><\/p>\n<\/div>\n\n\n\n<div class=\"wp-block-column is-layout-flow wp-block-column-is-layout-flow\">\n<figure class=\"wp-block-image size-full is-resized\"><img loading=\"lazy\" decoding=\"async\" src=\"https:\/\/nature.info.pl\/wp-content\/uploads\/2022\/02\/Unibep-logo-www-1.png\" alt=\"\" class=\"wp-image-232\" width=\"196\" height=\"65\" srcset=\"https:\/\/nature.info.pl\/wp-content\/uploads\/2022\/02\/Unibep-logo-www-1.png 700w, https:\/\/nature.info.pl\/wp-content\/uploads\/2022\/02\/Unibep-logo-www-1-300x100.png 300w\" sizes=\"auto, (max-width: 196px) 100vw, 196px\" \/><\/figure>\n<\/div>\n\n\n\n<div class=\"wp-block-column is-layout-flow wp-block-column-is-layout-flow\">\n<figure class=\"wp-block-image size-full is-resized\"><img loading=\"lazy\" decoding=\"async\" src=\"https:\/\/nature.info.pl\/wp-content\/uploads\/2022\/02\/Malsbud-www.png\" alt=\"\" class=\"wp-image-233\" width=\"199\" height=\"66\" srcset=\"https:\/\/nature.info.pl\/wp-content\/uploads\/2022\/02\/Malsbud-www.png 700w, https:\/\/nature.info.pl\/wp-content\/uploads\/2022\/02\/Malsbud-www-300x100.png 300w\" sizes=\"auto, (max-width: 199px) 100vw, 199px\" \/><\/figure>\n<\/div>\n<\/div>\n\n\n\n<div class=\"wp-block-columns is-layout-flex wp-container-core-columns-is-layout-9d6595d7 wp-block-columns-is-layout-flex\">\n<div class=\"wp-block-column is-layout-flow wp-block-column-is-layout-flow\">\n<figure class=\"wp-block-image size-full is-resized\"><img loading=\"lazy\" decoding=\"async\" src=\"https:\/\/nature.info.pl\/wp-content\/uploads\/2022\/02\/Strabag-logo-www-1.png\" alt=\"\" class=\"wp-image-234\" width=\"187\" height=\"62\" srcset=\"https:\/\/nature.info.pl\/wp-content\/uploads\/2022\/02\/Strabag-logo-www-1.png 700w, https:\/\/nature.info.pl\/wp-content\/uploads\/2022\/02\/Strabag-logo-www-1-300x100.png 300w\" sizes=\"auto, (max-width: 187px) 100vw, 187px\" \/><\/figure>\n<\/div>\n\n\n\n<div class=\"wp-block-column is-layout-flow wp-block-column-is-layout-flow\">\n<figure class=\"wp-block-image size-full is-resized\"><img loading=\"lazy\" decoding=\"async\" src=\"https:\/\/nature.info.pl\/wp-content\/uploads\/2022\/02\/Torpol-logo-www.png\" alt=\"\" class=\"wp-image-235\" width=\"187\" height=\"62\" srcset=\"https:\/\/nature.info.pl\/wp-content\/uploads\/2022\/02\/Torpol-logo-www.png 700w, https:\/\/nature.info.pl\/wp-content\/uploads\/2022\/02\/Torpol-logo-www-300x100.png 300w\" sizes=\"auto, (max-width: 187px) 100vw, 187px\" \/><\/figure>\n<\/div>\n\n\n\n<div class=\"wp-block-column is-layout-flow wp-block-column-is-layout-flow\">\n<figure class=\"wp-block-image size-full is-resized\"><img loading=\"lazy\" decoding=\"async\" src=\"https:\/\/nature.info.pl\/wp-content\/uploads\/2022\/02\/PBDiM-logo-www-2.png\" alt=\"\" class=\"wp-image-236\" width=\"193\" height=\"64\" srcset=\"https:\/\/nature.info.pl\/wp-content\/uploads\/2022\/02\/PBDiM-logo-www-2.png 700w, https:\/\/nature.info.pl\/wp-content\/uploads\/2022\/02\/PBDiM-logo-www-2-300x100.png 300w\" sizes=\"auto, (max-width: 193px) 100vw, 193px\" \/><\/figure>\n<\/div>\n<\/div>\n\n\n\n<p>Loga poszczeg\u00f3lnych firm zosta\u0142y umieszczone wy\u0142\u0105cznie w celach informacyjnych<\/p>\n","protected":false},"excerpt":{"rendered":"<p>Loga poszczeg\u00f3lnych firm zosta\u0142y umieszczone wy\u0142\u0105cznie w celach informacyjnych<\/p>\n","protected":false},"author":1,"featured_media":0,"parent":0,"menu_order":0,"comment_status":"closed","ping_status":"closed","template":"elementor_header_footer","meta":{"footnotes":""},"class_list":["post-97","page","type-page","status-publish","hentry"],"_links":{"self":[{"href":"https:\/\/nature.info.pl\/index.php?rest_route=\/wp\/v2\/pages\/97","targetHints":{"allow":["GET"]}}],"collection":[{"href":"https:\/\/nature.info.pl\/index.php?rest_route=\/wp\/v2\/pages"}],"about":[{"href":"https:\/\/nature.info.pl\/index.php?rest_route=\/wp\/v2\/types\/page"}],"author":[{"embeddable":true,"href":"https:\/\/nature.info.pl\/index.php?rest_route=\/wp\/v2\/users\/1"}],"replies":[{"embeddable":true,"href":"https:\/\/nature.info.pl\/index.php?rest_route=%2Fwp%2Fv2%2Fcomments&post=97"}],"version-history":[{"count":86,"href":"https:\/\/nature.info.pl\/index.php?rest_route=\/wp\/v2\/pages\/97\/revisions"}],"predecessor-version":[{"id":281,"href":"https:\/\/nature.info.pl\/index.php?rest_route=\/wp\/v2\/pages\/97\/revisions\/281"}],"wp:attachment":[{"href":"https:\/\/nature.info.pl\/index.php?rest_route=%2Fwp%2Fv2%2Fmedia&parent=97"}],"curies":[{"name":"wp","href":"https:\/\/api.w.org\/{rel}","templated":true}]}}